{"id":30,"date":"2016-12-27T10:48:14","date_gmt":"2016-12-27T10:48:14","guid":{"rendered":"http:\/\/www.karatekai.ch\/web\/?page_id=30"},"modified":"2017-01-29T16:38:28","modified_gmt":"2017-01-29T15:38:28","slug":"training-wiesendangen","status":"publish","type":"page","link":"https:\/\/www.karatekai.ch\/web\/?page_id=30","title":{"rendered":"Training Wiesendangen"},"content":{"rendered":"<h1>Training in Wiesendangen<\/h1>\n<p>In Wiesendangen bieten wir Trainings f\u00fcr zwei Kindergruppen an. Die Anf\u00e4ngergruppe trainiert insbesondere an den Grundlagen des Karates. In der Fortgeschrittenengruppe besteht f\u00fcr interessierte Kinder aus Winterthur die M\u00f6glichkeit, ein zus\u00e4tzliches Spezialtraining f\u00fcr die Wettkampfvorbereitung zu absolvieren, das ohne Zusatzkosten besucht werden kann.<\/p>\n<p>Ein Probetraining ist jederzeit m\u00f6glich, als Kleidung gen\u00fcgt eine Trainerhose und ein T-Shirt. Komm doch einfach vorbei, wir freuen uns auf dich!<\/p>\n<h4>Ort und Trainingszeiten:<\/h4>\n<p>Turnhalle Sagi \/ Gymnastikraum, im Trottenrain, 8542 Wiesendangen &#8211; Google Maps: <a href=\"https:\/\/www.google.ch\/maps\/place\/Im+Trottenrain,+8542+Wiesendangen\">Hier klicken<\/a><\/p>\n<table>\n<tbody>\n<tr>\n<td><strong>Tag<\/strong><\/td>\n<td><strong>Gruppe<\/strong><\/td>\n<td><strong>Von<\/strong><\/td>\n<td><strong>Bis<\/strong><\/td>\n<td><strong>Stufe<\/strong><\/td>\n<\/tr>\n<tr>\n<td>Mittwoch<\/td>\n<td>Kinder<\/td>\n<td>18:00<\/td>\n<td>19:00<\/td>\n<td>Anf\u00e4nger ab 6 Jahren<\/td>\n<\/tr>\n<tr>\n<td>Mittwoch<\/td>\n<td>Kinder<\/td>\n<td>19:00<\/td>\n<td>20:00<\/td>\n<td>Fortgeschrittene \/ Wettk\u00e4mpfer<\/td>\n<\/tr>\n<\/tbody>\n<\/table>\n<h4>Zus\u00e4tzliche Infos zum Standort Wiesendangen<\/h4>\n<p>Wir m\u00f6chten am Standort Wiesendangen auf einige Zusatz- bzw. Partnerangebote aufmerksam machen und mit den Bannern unten darauf verlinken:<\/p>\n<p>Das Training in Wiesendangen wird in Partnerschaft mit WellPower angeboten.<\/p>\n<p>Im Karatetraining lehren wir eine defensive Grundhaltung im Umgang mit Gewalt. Die Selbstverteidigung ist ein Teil unseres Trainings. Wir k\u00f6nnen jedoch keine spezifisch auf Gewaltpr\u00e4vention und Selbstverteidigung ausgelegten Kurse geben. Daf\u00fcr fehlen uns die Ressourcen. Es gibt in Wiesendangen mit der Dr. Gasser Flow-Akademie einen Anbieter f\u00fcr Gewaltpr\u00e4vention, an den wir daf\u00fcr gerne weiter verweisen.<\/p>\n<p><a href=\"http:\/\/www.wellpower-wiesendangen.ch\"><img loading=\"lazy\" decoding=\"async\" class=\"alignnone wp-image-250 size-medium\" src=\"http:\/\/www.karatekai.ch\/web\/wp-content\/uploads\/2017\/01\/wellpower-300x114.png\" alt=\"Verweis auf Wellpower.ch\" width=\"300\" height=\"114\" srcset=\"https:\/\/www.karatekai.ch\/web\/wp-content\/uploads\/2017\/01\/wellpower-300x114.png 300w, https:\/\/www.karatekai.ch\/web\/wp-content\/uploads\/2017\/01\/wellpower.png 482w\" sizes=\"auto, (max-width: 300px) 100vw, 300px\" \/><\/a><a href=\"http:\/\/www.flow-akademie.ch\"><img loading=\"lazy\" decoding=\"async\" class=\"alignnone wp-image-249\" src=\"http:\/\/www.karatekai.ch\/web\/wp-content\/uploads\/2017\/01\/flow.jpg\" alt=\"Link zu Flow Akademie\" width=\"114\" height=\"113\" \/><\/a><\/p>\n","protected":false},"excerpt":{"rendered":"<p>Training in Wiesendangen In Wiesendangen bieten wir Trainings f\u00fcr zwei Kindergruppen an. Die Anf\u00e4ngergruppe trainiert insbesondere an den Grundlagen des Karates. In der Fortgeschrittenengruppe<\/p>\n","protected":false},"author":1,"featured_media":0,"parent":19,"menu_order":3,"comment_status":"closed","ping_status":"closed","template":"","meta":{"footnotes":""},"class_list":["post-30","page","type-page","status-publish","hentry"],"_links":{"self":[{"href":"https:\/\/www.karatekai.ch\/web\/index.php?rest_route=\/wp\/v2\/pages\/30","targetHints":{"allow":["GET"]}}],"collection":[{"href":"https:\/\/www.karatekai.ch\/web\/index.php?rest_route=\/wp\/v2\/pages"}],"about":[{"href":"https:\/\/www.karatekai.ch\/web\/index.php?rest_route=\/wp\/v2\/types\/page"}],"author":[{"embeddable":true,"href":"https:\/\/www.karatekai.ch\/web\/index.php?rest_route=\/wp\/v2\/users\/1"}],"replies":[{"embeddable":true,"href":"https:\/\/www.karatekai.ch\/web\/index.php?rest_route=%2Fwp%2Fv2%2Fcomments&post=30"}],"version-history":[{"count":13,"href":"https:\/\/www.karatekai.ch\/web\/index.php?rest_route=\/wp\/v2\/pages\/30\/revisions"}],"predecessor-version":[{"id":288,"href":"https:\/\/www.karatekai.ch\/web\/index.php?rest_route=\/wp\/v2\/pages\/30\/revisions\/288"}],"up":[{"embeddable":true,"href":"https:\/\/www.karatekai.ch\/web\/index.php?rest_route=\/wp\/v2\/pages\/19"}],"wp:attachment":[{"href":"https:\/\/www.karatekai.ch\/web\/index.php?rest_route=%2Fwp%2Fv2%2Fmedia&parent=30"}],"curies":[{"name":"wp","href":"https:\/\/api.w.org\/{rel}","templated":true}]}}