{"id":26,"date":"2016-12-27T10:47:37","date_gmt":"2016-12-27T10:47:37","guid":{"rendered":"http:\/\/www.karatekai.ch\/web\/?page_id=26"},"modified":"2025-03-23T17:27:45","modified_gmt":"2025-03-23T16:27:45","slug":"training-winterthur","status":"publish","type":"page","link":"https:\/\/www.karatekai.ch\/web\/?page_id=26","title":{"rendered":"Training Winterthur"},"content":{"rendered":"<h1>Training in Winterthur<\/h1>\n<p>Unser Hauptdojo befindet sich in der Turnhalle des Schulhauses Neuwiesen in Winterthur. Dort bieten wir jeweils Montags, Mittwochs und Freitags Trainings f\u00fcr Kinder ab 6 Jahren, Jugendliche und Erwachsene an. In den Trainings bilden wir auch h\u00e4ufig Trainingsgruppen, um auf die speziellen Bed\u00fcrfnisse jedes einzelnen Karateka einzugehen und jeden individuell zu f\u00f6rdern.<\/p>\n<p>Ob Anf\u00e4nger oder Wiedereinsteiger: Ein Probetraining ist jederzeit m\u00f6glich. Als Kleidung gen\u00fcgt eine Trainerhose und ein T-Shirt. Komm doch einfach vorbei, wir freuen uns auf dich!<\/p>\n<h4>Ort und Trainingszeiten:<\/h4>\n<p>Wartstrasse 46, 8400 Winterthur &#8211; Google Maps: <a href=\"https:\/\/www.google.com\/maps?q=Wartstrasse+46,+8400+Winterthur\">Hier klicken<\/a><\/p>\n<table>\n<tbody>\n<tr>\n<td><strong>Tag<\/strong><\/td>\n<td><strong>Gruppe<\/strong><\/td>\n<td><strong>Von<\/strong><\/td>\n<td><strong>Bis<\/strong><\/td>\n<td><strong>Stufe<\/strong><\/td>\n<\/tr>\n<tr>\n<td>Montag<\/td>\n<td>Kinder<\/td>\n<td>18:15<\/td>\n<td>19:15<\/td>\n<td>ab 6 Jahren, ab Gelbgurt<\/td>\n<\/tr>\n<tr>\n<td>Montag + Freitag<\/td>\n<td>Jugend<\/td>\n<td>19:30<\/td>\n<td>21:00<\/td>\n<td>ab 14 Jahren<\/td>\n<\/tr>\n<tr>\n<td>Montag + Freitag<\/td>\n<td>Erwachsene<\/td>\n<td>19:30<\/td>\n<td>21:00<\/td>\n<td>alle Stufen<\/td>\n<\/tr>\n<tr>\n<td>Mittwoch<\/td>\n<td>Kinder<\/td>\n<td>18:15<\/td>\n<td>19:15<\/td>\n<td>Anf\u00e4nger (Weiss- und Halbweiss)<\/td>\n<\/tr>\n<tr>\n<td>Mittwoch<\/td>\n<td>Erwachsene<\/td>\n<td>19:30<\/td>\n<td>21:00<\/td>\n<td>alle Stufen<\/td>\n<\/tr>\n<tr>\n<td>Freitag<\/td>\n<td>Kinder<\/td>\n<td>18:15<\/td>\n<td>19:15<\/td>\n<td>ab 6 Jahren, alle Stufen<\/td>\n<\/tr>\n<\/tbody>\n<\/table>\n\n\n<p><\/p>\n","protected":false},"excerpt":{"rendered":"<p>Training in Winterthur Unser Hauptdojo befindet sich in der Turnhalle des Schulhauses Neuwiesen in Winterthur. Dort bieten wir jeweils Montags, Mittwochs und Freitags Trainings<\/p>\n","protected":false},"author":1,"featured_media":0,"parent":19,"menu_order":1,"comment_status":"closed","ping_status":"closed","template":"","meta":{"footnotes":""},"class_list":["post-26","page","type-page","status-publish","hentry"],"_links":{"self":[{"href":"https:\/\/www.karatekai.ch\/web\/index.php?rest_route=\/wp\/v2\/pages\/26","targetHints":{"allow":["GET"]}}],"collection":[{"href":"https:\/\/www.karatekai.ch\/web\/index.php?rest_route=\/wp\/v2\/pages"}],"about":[{"href":"https:\/\/www.karatekai.ch\/web\/index.php?rest_route=\/wp\/v2\/types\/page"}],"author":[{"embeddable":true,"href":"https:\/\/www.karatekai.ch\/web\/index.php?rest_route=\/wp\/v2\/users\/1"}],"replies":[{"embeddable":true,"href":"https:\/\/www.karatekai.ch\/web\/index.php?rest_route=%2Fwp%2Fv2%2Fcomments&post=26"}],"version-history":[{"count":17,"href":"https:\/\/www.karatekai.ch\/web\/index.php?rest_route=\/wp\/v2\/pages\/26\/revisions"}],"predecessor-version":[{"id":569,"href":"https:\/\/www.karatekai.ch\/web\/index.php?rest_route=\/wp\/v2\/pages\/26\/revisions\/569"}],"up":[{"embeddable":true,"href":"https:\/\/www.karatekai.ch\/web\/index.php?rest_route=\/wp\/v2\/pages\/19"}],"wp:attachment":[{"href":"https:\/\/www.karatekai.ch\/web\/index.php?rest_route=%2Fwp%2Fv2%2Fmedia&parent=26"}],"curies":[{"name":"wp","href":"https:\/\/api.w.org\/{rel}","templated":true}]}}