{"id":24,"date":"2016-12-27T10:46:23","date_gmt":"2016-12-27T10:46:23","guid":{"rendered":"http:\/\/www.karatekai.ch\/web\/?page_id=24"},"modified":"2022-05-03T22:23:33","modified_gmt":"2022-05-03T21:23:33","slug":"anmeldung-preise","status":"publish","type":"page","link":"https:\/\/www.karatekai.ch\/web\/?page_id=24","title":{"rendered":"Anmeldung &#038; Preise"},"content":{"rendered":"<h1>Anmeldung &amp; Preise<\/h1>\n<p>Der Karate Kai Winterthur f\u00fchrt unter seiner Schirmherrschaft drei Trainingsbetriebe. Untenstehend sind die Preise f\u00fcr Winterthur und Wiesendangen aufgef\u00fchrt. Die Preise von Frauenfeld weichen davon ab. Vor einer definitiven Anmeldung sind zwei Schnuppertrainings gratis.<\/p>\n<h4>Preise<\/h4>\n<table border=\"0\">\n<tbody>\n<tr>\n<td style=\"width: 25%;\"><strong>Zeitraum<\/strong><\/td>\n<td style=\"width: 25%;\"><strong>Erwachsene<\/strong><\/td>\n<td style=\"width: 17%;\"><strong>Kind 1<\/strong><\/td>\n<td style=\"width: 17%;\"><strong>Kind 2<\/strong><\/td>\n<td style=\"width: 16%;\"><strong>ab Kind 3<\/strong><\/td>\n<\/tr>\n<tr>\n<td>Jahresbeitrag<\/td>\n<td>320 CHF<\/td>\n<td>320 CHF<\/td>\n<td>160 CHF<\/td>\n<td>0 CHF<\/td>\n<\/tr>\n<tr>\n<td>Halbjahr<\/td>\n<td>190 CHF<\/td>\n<td>190 CHF<\/td>\n<td>100 CHF<\/td>\n<td>0 CHF<\/td>\n<\/tr>\n<tr>\n<td>+Lizenzmarke*<\/td>\n<td style=\"text-align: center;\" colspan=\"4\">80 CHF<\/td>\n<\/tr>\n<\/tbody>\n<\/table>\n<p><em>*Jahres-Lizenzmarke Schweiz. Karateverband<\/em><\/p>\n<h4>Anmeldeformulare<\/h4>\n<table style=\"width: 450px;\">\n<tbody>\n<tr>\n<td><strong>Dojo<\/strong><\/td>\n<td><strong>Anmeldung<\/strong><\/td>\n<\/tr>\n<tr>\n<td>Winterthur<\/td>\n<td>Anmeldung KKW <a title=\"ANMELDEFORMULAR Karate-Kai-Winterthur\" href=\"http:\/\/www.karatekai.ch\/web\/wp-content\/uploads\/2022\/01\/Anmeldung_KKW_web_v14.2.pdf\" target=\"_blank\" rel=\"noopener\">hier klicken<\/a><\/td>\n<\/tr>\n<tr>\n<td>Wiesendangen<\/td>\n<td>Anmeldung Wiesendangen <a title=\"ANMELDEFORMULAR Karate-Kai-Wiesendangen\" href=\"http:\/\/www.karatekai.ch\/web\/wp-content\/uploads\/2022\/01\/Anm-KKW-in-Wiesendangen-ab-01122022.pdf\" target=\"_blank\" rel=\"noopener\">hier klicken<\/a><\/td>\n<\/tr>\n<\/tbody>\n<\/table>\n<h4>Austritte<\/h4>\n<p>Austritte aus dem KKW sind jeweils schriftlich an Luis Torres <a href=\"https:\/\/www.karatekai.ch\/web\/?page_id=43\">(Kontaktformular)<\/a> zu richten.<\/p>\n\n\n<p><\/p>\n","protected":false},"excerpt":{"rendered":"<p>Anmeldung &amp; Preise Der Karate Kai Winterthur f\u00fchrt unter seiner Schirmherrschaft drei Trainingsbetriebe. Untenstehend sind die Preise f\u00fcr Winterthur und Wiesendangen aufgef\u00fchrt. Die Preise<\/p>\n","protected":false},"author":1,"featured_media":0,"parent":19,"menu_order":5,"comment_status":"closed","ping_status":"closed","template":"","meta":{"footnotes":""},"class_list":["post-24","page","type-page","status-publish","hentry"],"_links":{"self":[{"href":"https:\/\/www.karatekai.ch\/web\/index.php?rest_route=\/wp\/v2\/pages\/24","targetHints":{"allow":["GET"]}}],"collection":[{"href":"https:\/\/www.karatekai.ch\/web\/index.php?rest_route=\/wp\/v2\/pages"}],"about":[{"href":"https:\/\/www.karatekai.ch\/web\/index.php?rest_route=\/wp\/v2\/types\/page"}],"author":[{"embeddable":true,"href":"https:\/\/www.karatekai.ch\/web\/index.php?rest_route=\/wp\/v2\/users\/1"}],"replies":[{"embeddable":true,"href":"https:\/\/www.karatekai.ch\/web\/index.php?rest_route=%2Fwp%2Fv2%2Fcomments&post=24"}],"version-history":[{"count":29,"href":"https:\/\/www.karatekai.ch\/web\/index.php?rest_route=\/wp\/v2\/pages\/24\/revisions"}],"predecessor-version":[{"id":513,"href":"https:\/\/www.karatekai.ch\/web\/index.php?rest_route=\/wp\/v2\/pages\/24\/revisions\/513"}],"up":[{"embeddable":true,"href":"https:\/\/www.karatekai.ch\/web\/index.php?rest_route=\/wp\/v2\/pages\/19"}],"wp:attachment":[{"href":"https:\/\/www.karatekai.ch\/web\/index.php?rest_route=%2Fwp%2Fv2%2Fmedia&parent=24"}],"curies":[{"name":"wp","href":"https:\/\/api.w.org\/{rel}","templated":true}]}}