{"id":138,"date":"2016-12-29T09:21:52","date_gmt":"2016-12-29T08:21:52","guid":{"rendered":"http:\/\/www.karatekai.ch\/web\/?page_id=138"},"modified":"2017-01-04T22:27:43","modified_gmt":"2017-01-04T21:27:43","slug":"kinderkarate","status":"publish","type":"page","link":"https:\/\/www.karatekai.ch\/web\/?page_id=138","title":{"rendered":"Kinderkarate"},"content":{"rendered":"<h1>Kinderkarate<\/h1>\n<h4>Einleitung<\/h4>\n<p>Jackie Chan, Bruce Lee, Chuck Norris, Stephen Segal und wie sie alle heissen, alle tun es: Sie geben in ihren Filmen \u201eDemonstrationen der Kampfkunst\u201c.<\/p>\n<p>Demonstrationen der Kampfkunst in Filmen und im Fernsehen f\u00fcgen das Element \u201eSpannung\u201c hinzu. Diese Bewegungen werden oft von kleinen Kindern auf Spielpl\u00e4tzen, Schulh\u00f6fen oder zu Hause mit Geschwistern, nachgeahmt. Wenn ein Kind Interesse an &#8222;Bewegung&#8220; zeigt, sollte dann ein Elternteil gleich der Auffassung sein, sein Kind in eine Kampfsport-Schule einzuschreiben? Welche Vorteile w\u00fcrde dann diese Kampfkunst ihrem Kind geben? Ist es das wert?<\/p>\n<p>Kampfsport, vor allem jene Stile, die ihren Ursprung in Japan und Okinawa haben, basieren auf der Pr\u00e4misse der Achtung und des \u201eNiemanden schaden hinzuf\u00fcgen\u201c. Im Gegensatz zur visuellen Darstellung im Fernsehen wird Karate als eine gewaltt\u00e4tige Sportart dargestellt. Das Praktizieren der Kampfkunst hat in erster Linie jedoch genau das Gegenteil zum Ziel. Die Filme bieten daher kein wahrheitsgetreues Bild von dessen, was die \u201eKampfkunst\u201c den Kindern und Erwachsenen im wirklichen Leben lehrt.<\/p>\n<p>Es ist aber auch wahr, dass diese Philosophie leider von vielen Kampfkunst-Schulen nicht vertreten wird. Eltern tun daher gut daran, sich im Vorfeld \u00fcber die Schule\/Klub ausf\u00fchrlich zu informieren.<\/p>\n<p>Wenn Eltern Ihrem Kind das Erlernen einer Kampfsportart erlauben, heisst das nicht, dass sich ihr\/ihm die T\u00fcre zur Gewalt \u00f6ffnet. Vielmehr er\u00f6ffnet sich dem Kind eine M\u00f6glichkeit zum Aufbau einer soliden Basis von Selbstwertgef\u00fchl und Selbstvertrauen. Die Sch\u00fcler lernen, dass die Bildung von Respekt zu Mitmenschen, zu einer Hinsicht der Selbsthilfe f\u00fchren kann. Diese wunderbare Philosophie ist oft im Widerspruch zu dem, was unsere jungen Menschen heute lernen und praktizieren. Die Grundhaltung zur \u201eich zuerst Mentalit\u00e4t\u201c f\u00fchrt oft zu emotional ungesunden jungen Menschen.<\/p>\n<p>Eltern und Trainer spielen daher eine wichtige Rolle als Vorbild und Leitfigur, um das Kind auf den Lebensweg zu begeben.<\/p>\n<p>Dario Rossi <em> (Teilaususzug aus &#8222;Children and Martial Arts&#8220; von Carma Haley).<\/em><\/p>\n<h4>Trainingsphilosophie<\/h4>\n<p><strong>Das vier-&#8222;K&#8220;-Trainingskonzept f\u00fcr Kinder und Sch\u00fcler<\/strong><\/p>\n<p><strong>K\u00f6rperfitness<\/strong><\/p>\n<p>Die Kondition der Kinder wird verbessert. Sie sollen fit, gesund und stark sein. Wir f\u00f6rdern dies.<\/p>\n<p><strong>Koordination<\/strong><\/p>\n<p>Ein Unterrichtsabschnitt ist das Koordinationstraining. Schulung der Techniken und Bewegungen indem die\u00a0 Kinder die Feinheiten kennen lernen.<\/p>\n<p><strong>Konzentration<\/strong><\/p>\n<p>Unsere Konzentrationsf\u00e4higkeit ist erlernt und kann trainiert werden. Wir k\u00f6nnen 11 Konzentrationsblockaden unterscheiden: Ablenkung, Mangel an \u00dcbung, gewohnheitsm\u00e4\u00dfige Unaufmerksamkeit, geringe Frustrationstoleranz, Mangel an Interesse, Aufschieben, Unklarheit des Plans, \u00dcberlastung, M\u00fcdigkeit, ungel\u00f6ste emotionale Probleme und negative Einstellungen.<\/p>\n<p><strong>Kontrolle<\/strong><\/p>\n<p>In einem weiteren Teil geht es um Selbstschutz und Verteidigung. Nicht nur praktische Anwendungen sind Inhalt, sondern auch Pr\u00e4ventivmassnahmen werden geschult.<\/p>\n<h4>Das Halbgradsystem<\/h4>\n<p>F\u00fcr Kinder (bis zum erreichten 14. Altersjahr) wenden wir das Kyu-Halbgrade-System an (9-4 Kyu), da eine l\u00e4ngere Wartezeit f\u00fcr Pr\u00fcfungen notwendig ist. Dieses System soll die Kinder dazu motivieren, sich gut vorzubereiten und Vertrautheit mit den Pr\u00fcfungen zu schaffen.<\/p>\n<table style=\"padding: 0px;\" border=\"1\">\n<tbody>\n<tr style=\"background-color: #a9a9a9;\">\n<td style=\"padding: 0px;\">Grade<\/td>\n<td style=\"text-align: center; padding: 0px;\"><strong>9<\/strong><\/td>\n<td style=\"text-align: center; padding: 0px;\" colspan=\"2\">9.1<\/td>\n<td style=\"text-align: center; padding: 0px;\" colspan=\"2\">9.2<\/td>\n<td style=\"text-align: center; padding: 0px;\"><strong>8<\/strong><\/td>\n<td style=\"text-align: center; padding: 0px;\" colspan=\"2\">8.1<\/td>\n<td style=\"text-align: center; padding: 0px;\" colspan=\"2\">8.2<\/td>\n<td style=\"text-align: center; padding: 0px;\"><strong>7<\/strong><\/td>\n<td style=\"text-align: center; padding: 0px;\" colspan=\"2\">7.1<\/td>\n<td style=\"text-align: center; padding: 0px;\" colspan=\"2\">7.2<\/td>\n<td style=\"text-align: center; padding: 0px;\"><strong>6<\/strong><\/td>\n<td style=\"text-align: center; padding: 0px;\" colspan=\"2\">6.1<\/td>\n<td style=\"text-align: center; padding: 0px;\" colspan=\"2\">6.2<\/td>\n<td style=\"text-align: center; padding: 0px;\"><strong>5<\/strong><\/td>\n<td style=\"text-align: center; padding: 0px;\" colspan=\"2\">5.1<\/td>\n<td style=\"text-align: center; padding: 0px;\" colspan=\"2\">5.2<\/td>\n<td style=\"text-align: center; padding: 0px;\"><strong>4<\/strong><\/td>\n<\/tr>\n<tr>\n<td style=\"padding: 0px;\">Halbgrad<\/td>\n<td style=\"padding: 0px;\"><\/td>\n<td style=\"background-color: #fefe00; padding: 0px;\"><\/td>\n<td style=\"padding: 0px;\"><\/td>\n<td style=\"background-color: #fefe00; padding: 0px;\"><\/td>\n<td style=\"padding: 0px;\"><\/td>\n<td style=\"padding: 0px;\"><\/td>\n<td style=\"background-color: #f99805; padding: 0px;\"><\/td>\n<td style=\"background-color: #fefe00; padding: 0px;\"><\/td>\n<td style=\"background-color: #f99805; padding: 0px;\"><\/td>\n<td style=\"background-color: #fefe00; padding: 0px;\"><\/td>\n<td style=\"padding: 0px;\"><\/td>\n<td style=\"background-color: #55bf02; padding: 0px;\"><\/td>\n<td style=\"background-color: #f99805; padding: 0px;\"><\/td>\n<td style=\"background-color: #55bf02; padding: 0px;\"><\/td>\n<td style=\"background-color: #f99805; padding: 0px;\"><\/td>\n<td style=\"padding: 0px;\"><\/td>\n<td style=\"background-color: #3e70fd; padding: 0px;\"><\/td>\n<td style=\"background-color: #55bf02; padding: 0px;\"><\/td>\n<td style=\"background-color: #3e70fd; padding: 0px;\"><\/td>\n<td style=\"background-color: #55bf02; padding: 0px;\"><\/td>\n<td style=\"padding: 0px;\"><\/td>\n<td style=\"background-color: #4209f5; padding: 0px;\"><\/td>\n<td style=\"background-color: #3e70fd; padding: 0px;\"><\/td>\n<td style=\"background-color: #4209f5; padding: 0px;\"><\/td>\n<td style=\"background-color: #3e70fd; padding: 0px;\"><\/td>\n<td style=\"padding: 0px;\"><\/td>\n<\/tr>\n<tr>\n<td style=\"padding: 0px;\">Erreichung<\/td>\n<td style=\"text-align: center; padding: 0px;\">Weiss<\/td>\n<td style=\"padding: 0px;\"><\/td>\n<td style=\"padding: 0px;\"><\/td>\n<td style=\"padding: 0px;\"><\/td>\n<td style=\"padding: 0px;\"><\/td>\n<td style=\"text-align: center; background-color: #fefe00; padding: 0px;\">Gelb<\/td>\n<td style=\"padding: 0px;\"><\/td>\n<td style=\"padding: 0px;\"><\/td>\n<td style=\"padding: 0px;\"><\/td>\n<td style=\"padding: 0px;\"><\/td>\n<td style=\"text-align: center; background-color: #f99805; padding: 0px;\">Orange<\/td>\n<td style=\"padding: 0px;\"><\/td>\n<td style=\"padding: 0px;\"><\/td>\n<td style=\"padding: 0px;\"><\/td>\n<td style=\"padding: 0px;\"><\/td>\n<td style=\"text-align: center; background-color: #55bf02; padding: 0px;\">Gr\u00fcn<\/td>\n<td style=\"padding: 0px;\"><\/td>\n<td style=\"padding: 0px;\"><\/td>\n<td style=\"padding: 0px;\"><\/td>\n<td style=\"padding: 0px;\"><\/td>\n<td style=\"text-align: center; background-color: #3e70fd; padding: 0px;\">Blau1<\/td>\n<td style=\"padding: 0px;\"><\/td>\n<td style=\"padding: 0px;\"><\/td>\n<td style=\"padding: 0px;\"><\/td>\n<td style=\"padding: 0px;\"><\/td>\n<td style=\"text-align: center; background-color: #4209f5; padding: 0px;\"><span style=\"color: #ffffff;\">Blau2<\/span><\/td>\n<\/tr>\n<\/tbody>\n<\/table>\n<p>Die Zulassung zur Pr\u00fcfung (Pr\u00fcfungsreife) wird vom Trainer zus\u00e4tzlich durch folgende Kriterien bestimmt:<\/p>\n<ol>\n<li>Fortschritt des Lernenden<\/li>\n<li>Verhalten gegen\u00fcber Trainer und Mittrainierenden (siehe Dojo-Regeln)<\/li>\n<li>Anzahl Teilnahme an den Trainings<\/li>\n<\/ol>\n","protected":false},"excerpt":{"rendered":"<p>Kinderkarate Einleitung Jackie Chan, Bruce Lee, Chuck Norris, Stephen Segal und wie sie alle heissen, alle tun es: Sie geben in ihren Filmen \u201eDemonstrationen<\/p>\n","protected":false},"author":1,"featured_media":0,"parent":19,"menu_order":0,"comment_status":"closed","ping_status":"closed","template":"","meta":{"footnotes":""},"class_list":["post-138","page","type-page","status-publish","hentry"],"_links":{"self":[{"href":"https:\/\/www.karatekai.ch\/web\/index.php?rest_route=\/wp\/v2\/pages\/138","targetHints":{"allow":["GET"]}}],"collection":[{"href":"https:\/\/www.karatekai.ch\/web\/index.php?rest_route=\/wp\/v2\/pages"}],"about":[{"href":"https:\/\/www.karatekai.ch\/web\/index.php?rest_route=\/wp\/v2\/types\/page"}],"author":[{"embeddable":true,"href":"https:\/\/www.karatekai.ch\/web\/index.php?rest_route=\/wp\/v2\/users\/1"}],"replies":[{"embeddable":true,"href":"https:\/\/www.karatekai.ch\/web\/index.php?rest_route=%2Fwp%2Fv2%2Fcomments&post=138"}],"version-history":[{"count":12,"href":"https:\/\/www.karatekai.ch\/web\/index.php?rest_route=\/wp\/v2\/pages\/138\/revisions"}],"predecessor-version":[{"id":238,"href":"https:\/\/www.karatekai.ch\/web\/index.php?rest_route=\/wp\/v2\/pages\/138\/revisions\/238"}],"up":[{"embeddable":true,"href":"https:\/\/www.karatekai.ch\/web\/index.php?rest_route=\/wp\/v2\/pages\/19"}],"wp:attachment":[{"href":"https:\/\/www.karatekai.ch\/web\/index.php?rest_route=%2Fwp%2Fv2%2Fmedia&parent=138"}],"curies":[{"name":"wp","href":"https:\/\/api.w.org\/{rel}","templated":true}]}}