{"id":122,"date":"2016-12-28T19:51:05","date_gmt":"2016-12-28T18:51:05","guid":{"rendered":"http:\/\/www.karatekai.ch\/web\/?page_id=122"},"modified":"2022-05-03T15:51:15","modified_gmt":"2022-05-03T14:51:15","slug":"ueber-uns","status":"publish","type":"page","link":"https:\/\/www.karatekai.ch\/web\/?page_id=122","title":{"rendered":"\u00dcber uns"},"content":{"rendered":"<h1>\u00dcber uns<\/h1>\n<p>Der Karate-Kai Winterthur wurde am 25. Januar 1983 aus dem Karate und Budoclub Winterthur heraus gegr\u00fcndet. Er wurde fr\u00fcher als Tochterclub des KBCW gef\u00fchrt und ist heute als eigenst\u00e4ndiger Verein t\u00e4tig. Unser Verein hat sich dem traditionellen Shotokan-Karate verschrieben und bietet sowohl Kindern als auch Erwachsenen Trainings an. Er unterliegt der Karatesektion &#8222;Swiss Karate Association&#8220; (SKA) und ist Mitglied der Swiss Karate Federation (SKF).<br \/>\n&nbsp;<br \/>\nDer faire, respektvolle Umgang untereinander ist uns wichtig. Insbesondere die Pr\u00e4vention von Gewalt und sexueller \u00dcbergriffe ist uns ein grosses Anliegen. Wir halten uns deshalb an die Ethik Charta von Swiss Olympic. Die Charta beinhaltet auch Themen wie Doping und Korruption die wir genauso ablehnen. Wer sich den Inhalt der Ethik Charta von Swiss Olympic genauer anschauen m\u00f6chte, kommt mit einem Klick auf das Swiss Olympic Logo unten direkt dort hin.<br \/>\n&nbsp;<br \/>\nDer Karate-Kai Winterthur ist Mitglied bei:<\/p>\n<p><a href=\"http:\/\/www.karate.ch\" data-wp-editing=\"1\"><img loading=\"lazy\" decoding=\"async\" class=\"alignnone wp-image-125 size-full\" src=\"https:\/\/www.karatekai.ch\/web\/wp-content\/uploads\/2016\/12\/karate_verband.jpg\" width=\"200\" height=\"150\"><\/a><a href=\"https:\/\/www.swissolympic.ch\/verbaende\/werte-ethik\/ethik-charta.html\"><img loading=\"lazy\" decoding=\"async\" class=\"alignnone wp-image-126 size-medium\" src=\"https:\/\/www.karatekai.ch\/web\/wp-content\/uploads\/2017\/10\/so_logo.png\" width=\"300\" height=\"172\"><\/a><\/p>\n","protected":false},"excerpt":{"rendered":"<p>\u00dcber uns Der Karate-Kai Winterthur wurde am 25. Januar 1983 aus dem Karate und Budoclub Winterthur heraus gegr\u00fcndet. Er wurde fr\u00fcher als Tochterclub des<\/p>\n","protected":false},"author":1,"featured_media":0,"parent":0,"menu_order":3,"comment_status":"closed","ping_status":"closed","template":"","meta":{"footnotes":""},"class_list":["post-122","page","type-page","status-publish","hentry"],"_links":{"self":[{"href":"https:\/\/www.karatekai.ch\/web\/index.php?rest_route=\/wp\/v2\/pages\/122","targetHints":{"allow":["GET"]}}],"collection":[{"href":"https:\/\/www.karatekai.ch\/web\/index.php?rest_route=\/wp\/v2\/pages"}],"about":[{"href":"https:\/\/www.karatekai.ch\/web\/index.php?rest_route=\/wp\/v2\/types\/page"}],"author":[{"embeddable":true,"href":"https:\/\/www.karatekai.ch\/web\/index.php?rest_route=\/wp\/v2\/users\/1"}],"replies":[{"embeddable":true,"href":"https:\/\/www.karatekai.ch\/web\/index.php?rest_route=%2Fwp%2Fv2%2Fcomments&post=122"}],"version-history":[{"count":10,"href":"https:\/\/www.karatekai.ch\/web\/index.php?rest_route=\/wp\/v2\/pages\/122\/revisions"}],"predecessor-version":[{"id":511,"href":"https:\/\/www.karatekai.ch\/web\/index.php?rest_route=\/wp\/v2\/pages\/122\/revisions\/511"}],"wp:attachment":[{"href":"https:\/\/www.karatekai.ch\/web\/index.php?rest_route=%2Fwp%2Fv2%2Fmedia&parent=122"}],"curies":[{"name":"wp","href":"https:\/\/api.w.org\/{rel}","templated":true}]}}